{"id":16345,"date":"2026-01-05T21:28:34","date_gmt":"2026-01-05T20:28:34","guid":{"rendered":"https:\/\/www.theoddcrow.be\/?post_type=product&#038;p=16345"},"modified":"2026-01-05T21:29:38","modified_gmt":"2026-01-05T20:29:38","slug":"pina-colada-raapzaadwas-kaars-met-citrien","status":"publish","type":"product","link":"https:\/\/www.theoddcrow.be\/en\/product\/pina-colada-raapzaadwas-kaars-met-citrien\/","title":{"rendered":"Pi\u00f1a Colada raapzaadwas kaars met citrien"},"content":{"rendered":"<p>Pi\u00f1a Colada neemt je mee naar een Cara\u00efbisch strand waar je geniet van een heerlijke Pi\u00f1a Colada-cocktail terwijl je naar de prachtige zonsondergang kijkt.<\/p>\n<p>Deze biologische kaars is handgemaakt met natuurlijke koolzaadwas. De was heeft stukjes citrien ingebed.<\/p>\n<p>Geur: Pi\u00f1a Colada.<br \/>\nBrandtijd: <span class=\"ILfuVd\"><span class=\"hgKElc\">\u00b1 <\/span><\/span>12 uur.<br \/>\nNetto gewicht: <span class=\"aCOpRe\">\u212e 6<\/span>0 gram.<\/p>\n<p>De kaarsen van Silver Rune Crafts zijn gemaakt met raapzaadwas. Hierdoor zijn ze een biologisch en gezonder alternatief op paraffinekaarsen, en een duurzamer alternatief op sojakaarsen. Waarom? Je leest er alles over op <a href=\"https:\/\/www.theboxshop.be\/kaarsen\/\">de kaarsen informatiepagina<\/a>.<\/p>","protected":false},"excerpt":{"rendered":"<p>Pi\u00f1a Colada neemt je mee naar een Cara\u00efbisch strand waar je geniet van een heerlijke Pi\u00f1a Colada-cocktail terwijl je naar de prachtige zonsondergang kijkt. Deze biologische kaars is handgemaakt met natuurlijke koolzaadwas. De was heeft stukjes citrien ingebed. Geur: Pi\u00f1a Colada. Brandtijd: \u00b1 12 uur. Netto gewicht: \u212e 60 gram. De kaarsen van Silver Rune&#8230;<\/p>","protected":false},"featured_media":16395,"comment_status":"closed","ping_status":"closed","template":"","meta":{"_monsterinsights_skip_tracking":false,"_monsterinsights_sitenote_active":false,"_monsterinsights_sitenote_note":"","_monsterinsights_sitenote_category":0,"_kad_post_transparent":"","_kad_post_title":"","_kad_post_layout":"","_kad_post_sidebar_id":"","_kad_post_content_style":"","_kad_post_vertical_padding":"","_kad_post_feature":"","_kad_post_feature_position":"","_kad_post_header":false,"_kad_post_footer":false,"_kad_post_classname":""},"product_brand":[],"product_cat":[141],"product_tag":[],"class_list":{"0":"post-16345","1":"product","2":"type-product","3":"status-publish","4":"has-post-thumbnail","6":"product_cat-kaarsen","8":"first","9":"outofstock","10":"shipping-taxable","11":"purchasable","12":"product-type-simple","13":"entry","14":"content-bg","15":"loop-entry"},"aioseo_notices":[],"_links":{"self":[{"href":"https:\/\/www.theoddcrow.be\/en\/wp-json\/wp\/v2\/product\/16345","targetHints":{"allow":["GET"]}}],"collection":[{"href":"https:\/\/www.theoddcrow.be\/en\/wp-json\/wp\/v2\/product"}],"about":[{"href":"https:\/\/www.theoddcrow.be\/en\/wp-json\/wp\/v2\/types\/product"}],"replies":[{"embeddable":true,"href":"https:\/\/www.theoddcrow.be\/en\/wp-json\/wp\/v2\/comments?post=16345"}],"wp:featuredmedia":[{"embeddable":true,"href":"https:\/\/www.theoddcrow.be\/en\/wp-json\/wp\/v2\/media\/16395"}],"wp:attachment":[{"href":"https:\/\/www.theoddcrow.be\/en\/wp-json\/wp\/v2\/media?parent=16345"}],"wp:term":[{"taxonomy":"product_brand","embeddable":true,"href":"https:\/\/www.theoddcrow.be\/en\/wp-json\/wp\/v2\/product_brand?post=16345"},{"taxonomy":"product_cat","embeddable":true,"href":"https:\/\/www.theoddcrow.be\/en\/wp-json\/wp\/v2\/product_cat?post=16345"},{"taxonomy":"product_tag","embeddable":true,"href":"https:\/\/www.theoddcrow.be\/en\/wp-json\/wp\/v2\/product_tag?post=16345"}],"curies":[{"name":"wp","href":"https:\/\/api.w.org\/{rel}","templated":true}]}}