{"id":17995,"date":"2026-03-10T23:08:20","date_gmt":"2026-03-10T22:08:20","guid":{"rendered":"https:\/\/www.theoddcrow.be\/?post_type=product&#038;p=17995"},"modified":"2026-03-10T23:10:34","modified_gmt":"2026-03-10T22:10:34","slug":"zelfliefde-set","status":"publish","type":"product","link":"https:\/\/www.theoddcrow.be\/en\/product\/zelfliefde-set\/","title":{"rendered":"Zelfliefde set: trinket dish en knuffelstenen"},"content":{"rendered":"<p>Trinket dish set met knuffelstenen voor zelfliefde en vriendschap.<\/p>\n<p>In de set zitten \u00e9\u00e9n trinket dish (witte maan met sterren), vier knuffelstenen (rozenkwarts, bergkristal, amethist en rhodoniet) en \u00e9\u00e9n opbergzakje.<\/p>","protected":false},"excerpt":{"rendered":"<p>Trinket dish set met knuffelstenen voor zelfliefde en vriendschap. In de set zitten \u00e9\u00e9n trinket dish (witte maan met sterren), vier knuffelstenen (rozenkwarts, bergkristal, amethist en rhodoniet) en \u00e9\u00e9n opbergzakje.<\/p>","protected":false},"featured_media":17996,"comment_status":"closed","ping_status":"closed","template":"","meta":{"_monsterinsights_skip_tracking":false,"_monsterinsights_sitenote_active":false,"_monsterinsights_sitenote_note":"","_monsterinsights_sitenote_category":0,"_kad_post_transparent":"default","_kad_post_title":"","_kad_post_layout":"default","_kad_post_sidebar_id":"","_kad_post_content_style":"default","_kad_post_vertical_padding":"default","_kad_post_feature":"","_kad_post_feature_position":"","_kad_post_header":false,"_kad_post_footer":false,"_kad_post_classname":""},"product_brand":[],"product_cat":[386,388],"product_tag":[],"class_list":{"0":"post-17995","1":"product","2":"type-product","3":"status-publish","4":"has-post-thumbnail","6":"product_cat-hebbedingen","7":"product_cat-kristallen","9":"first","10":"instock","11":"shipping-taxable","12":"purchasable","13":"product-type-simple","14":"entry","15":"content-bg","16":"loop-entry"},"aioseo_notices":[],"_links":{"self":[{"href":"https:\/\/www.theoddcrow.be\/en\/wp-json\/wp\/v2\/product\/17995","targetHints":{"allow":["GET"]}}],"collection":[{"href":"https:\/\/www.theoddcrow.be\/en\/wp-json\/wp\/v2\/product"}],"about":[{"href":"https:\/\/www.theoddcrow.be\/en\/wp-json\/wp\/v2\/types\/product"}],"replies":[{"embeddable":true,"href":"https:\/\/www.theoddcrow.be\/en\/wp-json\/wp\/v2\/comments?post=17995"}],"wp:featuredmedia":[{"embeddable":true,"href":"https:\/\/www.theoddcrow.be\/en\/wp-json\/wp\/v2\/media\/17996"}],"wp:attachment":[{"href":"https:\/\/www.theoddcrow.be\/en\/wp-json\/wp\/v2\/media?parent=17995"}],"wp:term":[{"taxonomy":"product_brand","embeddable":true,"href":"https:\/\/www.theoddcrow.be\/en\/wp-json\/wp\/v2\/product_brand?post=17995"},{"taxonomy":"product_cat","embeddable":true,"href":"https:\/\/www.theoddcrow.be\/en\/wp-json\/wp\/v2\/product_cat?post=17995"},{"taxonomy":"product_tag","embeddable":true,"href":"https:\/\/www.theoddcrow.be\/en\/wp-json\/wp\/v2\/product_tag?post=17995"}],"curies":[{"name":"wp","href":"https:\/\/api.w.org\/{rel}","templated":true}]}}