{"id":18363,"date":"2026-05-12T23:07:05","date_gmt":"2026-05-12T21:07:05","guid":{"rendered":"https:\/\/www.theoddcrow.be\/?post_type=product&#038;p=18363"},"modified":"2026-05-12T23:15:30","modified_gmt":"2026-05-12T21:15:30","slug":"douchestomer","status":"publish","type":"product","link":"https:\/\/www.theoddcrow.be\/en\/product\/douchestomer\/","title":{"rendered":"Douchestomer (50g)"},"content":{"rendered":"<p>Ben jij ook soms jaloers dat je geen badbruisballen kunt gebruiken omdat je alleen een douche hebt? Awel, dat kan vanaf nu wel dankzij deze douchestomers!<\/p>\n<p>Ze zijn ontworpen om je douche om te toveren tot een zalige, spa-achtige oase, een unieke en verkwikkende twist op de traditionele badbruisbal. Geniet van een rustgevende en aromatische luxe douche-ervaring. De douchestomer wordt geactiveerd door de stoom van de douche en geeft zo essenti\u00eble oli\u00ebn vrij. Zo krijg je een spa-achtige ervaring zonder dat je een bad nodig hebt.<\/p>\n<p>Gemaakt met 100% natuurlijke essenti\u00eble oli\u00ebn, vrij van harde chemicali\u00ebn, kunstmatige geurstoffen en dierlijke producten.<\/p>\n<p>Kies je favoriete geur:<\/p>\n<p>\u2022 <strong>Serenity Soak<\/strong> (wit): pompelmoes, bergamot, rozemarijn en citroen, met gedroogde rozemarijnzaadjes. Voor ontspanning en mindfulness.<\/p>\n<p>\u2022 <strong>Zen Zest<\/strong> (groen): appelsien, eucalyptus en pepermunt, met gedroogde kruiden. Voor een natuurlijke oppepper.<\/p>\n<p>\u2022 <strong>Vitality Vortex<\/strong> (oranje): pepermunt, olibanum en citroen, met gedroogde cranberryzaden. Voor welzijn en vitaliteit.<\/p>\n<p>\u2022 <strong>Tranquility Tempest<\/strong> (paars): lavendel, citroen en scharlei, met gedroogde lavendelzaadjes. Voor stressverlichting.<\/p>","protected":false},"excerpt":{"rendered":"<p>Ben jij ook soms jaloers dat je geen badbruisballen kunt gebruiken omdat je alleen een douche hebt? Awel, dat kan vanaf nu wel dankzij deze douchestomers! Ze zijn ontworpen om je douche om te toveren tot een zalige, spa-achtige oase, een unieke en verkwikkende twist op de traditionele badbruisbal. Geniet van een rustgevende en aromatische&#8230;<\/p>","protected":false},"featured_media":18364,"comment_status":"closed","ping_status":"closed","template":"","meta":{"_monsterinsights_skip_tracking":false,"_monsterinsights_sitenote_active":false,"_monsterinsights_sitenote_note":"","_monsterinsights_sitenote_category":0,"_kad_post_transparent":"default","_kad_post_title":"","_kad_post_layout":"default","_kad_post_sidebar_id":"","_kad_post_content_style":"default","_kad_post_vertical_padding":"default","_kad_post_feature":"","_kad_post_feature_position":"","_kad_post_header":false,"_kad_post_footer":false,"_kad_post_classname":""},"product_brand":[],"product_cat":[403,302],"product_tag":[],"class_list":{"0":"post-18363","1":"product","2":"type-product","3":"status-publish","4":"has-post-thumbnail","6":"product_cat-badkamer","7":"product_cat-geuren-verzorging","9":"first","10":"instock","11":"shipping-taxable","12":"purchasable","13":"product-type-variable","14":"entry","15":"content-bg","16":"loop-entry","17":"rtwpvs-product"},"aioseo_notices":[],"_links":{"self":[{"href":"https:\/\/www.theoddcrow.be\/en\/wp-json\/wp\/v2\/product\/18363","targetHints":{"allow":["GET"]}}],"collection":[{"href":"https:\/\/www.theoddcrow.be\/en\/wp-json\/wp\/v2\/product"}],"about":[{"href":"https:\/\/www.theoddcrow.be\/en\/wp-json\/wp\/v2\/types\/product"}],"replies":[{"embeddable":true,"href":"https:\/\/www.theoddcrow.be\/en\/wp-json\/wp\/v2\/comments?post=18363"}],"wp:featuredmedia":[{"embeddable":true,"href":"https:\/\/www.theoddcrow.be\/en\/wp-json\/wp\/v2\/media\/18364"}],"wp:attachment":[{"href":"https:\/\/www.theoddcrow.be\/en\/wp-json\/wp\/v2\/media?parent=18363"}],"wp:term":[{"taxonomy":"product_brand","embeddable":true,"href":"https:\/\/www.theoddcrow.be\/en\/wp-json\/wp\/v2\/product_brand?post=18363"},{"taxonomy":"product_cat","embeddable":true,"href":"https:\/\/www.theoddcrow.be\/en\/wp-json\/wp\/v2\/product_cat?post=18363"},{"taxonomy":"product_tag","embeddable":true,"href":"https:\/\/www.theoddcrow.be\/en\/wp-json\/wp\/v2\/product_tag?post=18363"}],"curies":[{"name":"wp","href":"https:\/\/api.w.org\/{rel}","templated":true}]}}